{"id":836,"date":"2022-06-21T08:44:09","date_gmt":"2022-06-21T08:44:09","guid":{"rendered":"https:\/\/datterino.178-32-89-175.plesk.page\/?page_id=836"},"modified":"2022-06-21T10:18:11","modified_gmt":"2022-06-21T10:18:11","slug":"condizioni-generali-di-utilizzo","status":"publish","type":"page","link":"https:\/\/signordatterino.it\/index.php\/condizioni-generali-di-utilizzo\/","title":{"rendered":"Condizioni generali di utilizzo"},"content":{"rendered":"<p>[vc_row][vc_column][vc_column_text]<\/p>\n<h1>Condizioni generali di utilizzo<\/h1>\n<p>[\/vc_column_text][vc_column_text]L\u2019accesso al presente sito web ed il suo utilizzo sono soggetti alle seguenti condizioni. Vi preghiamo di non proseguire nella navigazione se non siete d\u2019accordo con le condizioni qui riportate. Questo sito web \u00e8 stato sviluppato da Bayer S.p.A. (qui di seguito denominata Bayer). Ci riserviamo il diritto di modificare o di oscurare in tutto o in parte questo sito web o\/e le Condizioni generali di utilizzo. Poich\u00e9 potremo apportare le suddette modifiche a nostra discrezione e senza alcun preavviso, ogni volta che visiterete questo sito, vogliate visionare nuovamente tali condizioni per verificare che non siano intervenuti cambiamenti od emendamenti.[\/vc_column_text][vc_column_text]<\/p>\n<h2>Cessione del diritto d&#8217;uso e relativi benefici<\/h2>\n<p>[\/vc_column_text][vc_column_text]Tutti i documenti e le illustrazioni pubblicati su questo sito sono propriet\u00e0 esclusiva di Bayer. L\u2019utente pu\u00f2 utilizzare tali pagine a condizione che:<\/p>\n<ul>\n<li>la\u00a0dicitura\u00a0relativa al copyright\u00a0appaia\u00a0su\u00a0tutte\u00a0le copie;<\/li>\n<li>i\u00a0suddetti\u00a0elementi\u00a0vengano\u00a0utilizzati\u00a0solo a\u00a0scopo\u00a0personale;<\/li>\n<li>non\u00a0vengano\u00a0sfruttati\u00a0commercialmente;<\/li>\n<li>non\u00a0vengano\u00a0modificati\u00a0in\u00a0alcun\u00a0modo;<\/li>\n<li>tutte\u00a0le\u00a0illustrazioni\u00a0ricavate\u00a0dal\u00a0sito web\u00a0siano\u00a0utilizzate\u00a0solo se\u00a0abbinate\u00a0al testo che le\u00a0accompagna.<\/li>\n<\/ul>\n<p>[\/vc_column_text][vc_column_text]<\/p>\n<h2>Marchi<\/h2>\n<p>[\/vc_column_text][vc_column_text]Tutti i nomi dei prodotti presenti sul sito in lettere maiuscole o contrassegnati in altri modi sono marchi di Bayer, di sue consociate, affiliate, licenziatari o partner di joint venture. Qualunque uso non autorizzato di questi marchi \u00e8 espressamente proibito e costituir\u00e0 una violazione del copyright, della legislazione in materia di marchi o di altri diritti industriali.[\/vc_column_text][vc_column_text]<\/p>\n<h2>Responsabilit\u00e0<\/h2>\n<p>[\/vc_column_text][vc_column_text]BAYER ha compilato le informazioni dettagliate fornite su questo sito web da fonti interne ed esterne al meglio della sua conoscenza e credenza, usando la diligenza professionale. Tentiamo di ampliare ed aggiornare questa gamma di informazioni su una base continua. Le informazioni su questo sito web sono presenti puramente allo scopo di presentare BAYER ed i relativi prodotti e servizi. Tuttavia, nessuna rappresentazione \u00e8 fatta o garanzia \u00e8 data, espressamente o tacitamente, per la completezza o la correttezza delle informazioni contenute in questo sito. Vi preghiamo di considerare che queste informazioni, sebbene precise nel giorno in cui sono state pubblicate, potrebbero non essere aggiornate. Pertanto vi raccomandiamo di controllare qualsiasi informazione ottenuta da questo sito web prima dell\u2019utilizzo in qualunque forma. Il parere dato su questo sito web non vi esenta dal condurre delle verifiche per vostro conto sul nostro ultimo consiglio \u2013 in particolare i nostri datasheets di sicurezza e le specificazioni tecniche \u2013 e sui nostri prodotti, con un occhio rivolto alla loro adeguatezza per i processi e le finalit\u00e0 programmate. Se doveste richiedere qualche consiglio o istruzione che riguardano i nostri prodotti o servizi, vi preghiamo di contattarci direttamente. Gli utenti di questo sito web dichiarano di essere d\u2019accordo ad accedere al sito web ed al suo contenuto a loro proprio rischio. N\u00e9 BAYER n\u00e9 le parti terze coinvolte nella scrittura, produzione o trasmissione di questo sito web possono essere ritenute responsabili per danno o atto illecito risultante dall\u2019accesso o dall\u2019impossibilit\u00e0 di accesso o dall\u2019utilizzo o l\u2019impossibilit\u00e0 di utilizzo di questo sito web o dal fatto che avete contato su informazioni fornite su questo sito web.[\/vc_column_text][vc_column_text]<\/p>\n<h2>Siti Web di terzi \/ link<\/h2>\n<p>[\/vc_column_text][vc_column_text]Il sito web contiene link\/ riferimenti a siti web di terze parti. Fornendo tali collegamenti BAYER non d\u00e0 la relativa approvazione sul loro contenuto. BAYER non accetta alcuna responsabilit\u00e0 sulla disponibilit\u00e0 o il contenuto di tali siti web o responsabilit\u00e0 per danno o atto illecito risultanti dall\u2019uso di tali contenuti, di qualunque forma.\u202f BAYER non garantisce che le pagine collegate forniscono informazioni di qualit\u00e0 conforme. I collegamenti ad altri siti web sono forniti agli utenti del sito web soltanto per ragioni di convenienza. Gli utenti accedono a tali siti web a loro proprio rischio. La scelta dei link non limita gli utenti nella consultazione delle pagine web desiderate.[\/vc_column_text][vc_column_text]<\/p>\n<h2>Dati forniti dagli utenti<\/h2>\n<p>[\/vc_column_text][vc_column_text]L\u2019utente del sito, nell\u2019esercizio dell\u2019attivit\u00e0 di invio facoltativo, esplicito e volontario di posta elettronica agli indirizzi ivi consultabili, \u00e8 responsabile del contenuto e della veridicit\u00e0 di quanto inviato nonch\u00e9 della eventuale violazione di diritti di terzi.<\/p>\n<p>Peraltro tale invio comporta l\u2019acquisizione dell\u2019indirizzo e-mail del mittente, indispensabile per ottemperare alle richieste pervenute, ed altres\u00ec gli eventuali dati personali indicati nella missiva stessa.<\/p>\n<p>Quindi Bayer, al fine di adempiere agli obblighi previsti dall\u2019art.13 e 23 del Codice in materia di protezione dei dati personali disciplinati dal D.lgs n.196\/2003, predispone l\u2019informativa e la contestuale richiesta di consenso, necessarie all\u2019espletamento del trattamento dei dati personali, per gli utenti Web interessati a codesto servizio.[\/vc_column_text][vc_column_text]<\/p>\n<h2>Utenti internazionali<\/h2>\n<p>[\/vc_column_text][vc_column_text]Bayer non garantisce che le informazioni presenti in questo sito risultino corrette anche al di fuori dell\u2019Italia e, in particolare, che i prodotti e i servizi siano disponibili nello stesso aspetto esteriore, nello stesso formato o alle stesse condizioni. L\u2019utente si impegna a rispettare tutte le leggi applicabili relative alla trasmissione dei dati esportati dal paese in cui ha la residenza. Se si visita questo sito o si scaricano delle informazioni da un luogo diverso dall\u2019Italia, si prega di prendere nota che ricade sull\u2019utente la responsabilit\u00e0 di assicurarsi che questo modo di agire sia conforme alla legislazione locale in vigore.<\/p>\n<p>I prodotti citati in questo sito web possono avere confezioni diverse, dimensioni di imballo differenti o diciture e contrassegni diversi a seconda del paese.[\/vc_column_text][vc_column_text]<\/p>\n<h2>Login<\/h2>\n<p>[\/vc_column_text][vc_column_text]L\u2019utente \u00e8 obbligato a proteggere i propri dati di accesso (ID e password) da ogni uso non autorizzato da parte di terzi e ad accertarsi che non possano essere usati da terzi senza la sua autorizzazione.<\/p>\n<p>L\u2019utente si impegna a notificare immediatamente a Bayer:<\/p>\n<ul>\n<li>qualunque\u00a0eventuale\u00a0violazione\u00a0delle\u00a0regole\u00a0di\u00a0sicurezza\u00a0in merito\u00a0alle\u00a0informazioni\u00a0disponibili\u00a0sul\u00a0sito web Bayer;<\/li>\n<li>qualunque\u00a0utilizzo\u00a0non\u00a0autorizzato\u00a0dei\u00a0propri\u00a0dati\u00a0di\u00a0accesso\u00a0o\u00a0eventuali\u00a0sospetti\u00a0che\u00a0tale\u00a0accesso\u00a0non\u00a0autorizzato\u00a0possa<\/li>\n<\/ul>\n<p>[\/vc_column_text][vc_column_text]<\/p>\n<h2>Legge applicabile e foro competente<\/h2>\n<p>[\/vc_column_text][vc_column_text]Qualunque controversia inerente, derivante o comunque connessa alle presenti Condizioni o relativa a questo sito verr\u00e0 regolata dalla legge della Repubblica Italiana, tranne per quanto previsto dal diritto privato internazionale e dalla Convenzione dell\u2019Aia in merito alla Legge sull\u2019Uniformit\u00e0 delle Vendite Internazionali di Beni data 1 luglio 1964 nonch\u00e9 dalla Convenzione sulle vendite delle Nazioni Unite datata 11 aprile 1980. Per ogni controversia sar\u00e0 esclusivamente competente il Foro di Milano.[\/vc_column_text][vc_column_text]<\/p>\n<h2>Dichiarazioni previsionali<\/h2>\n<p>[\/vc_column_text][vc_column_text]Questo sito web potrebbe contenere dichiarazioni di carattere previsionale fondate sulle attuali aspettative e previsioni della Direzione del Gruppo Bayer. A causa di diversi rischi noti e ignoti, incertezze e altri fattori, i risultati effettivi, la situazione finanziaria, l\u2019andamento o la performance della Societ\u00e0 potrebbero differire in misura sostanziale dalle stime qui fornite. Detti fattori comprendono quelli descritti nei rapporti pubblici da noi redatti, disponibili sul sito Bayer all\u2019indirizzo\u00a0<a href=\"http:\/\/www.bayer.com\/\">www.bayer.com<\/a>. La Societ\u00e0 non si assume alcun impegno di completare o aggiornare tali dichiarazioni previsionali oppure di modificarle sulla scorta di eventi o andamenti futuri.[\/vc_column_text][\/vc_column][\/vc_row]<\/p>\n","protected":false},"excerpt":{"rendered":"<p>[vc_row][vc_column][vc_column_text] Condizioni generali di utilizzo [\/vc_column_text][vc_column_text]L\u2019accesso al presente sito web ed il suo utilizzo sono soggetti alle seguenti condizioni. Vi preghiamo di non proseguire nella navigazione se non siete d\u2019accordo con le condizioni qui riportate. Questo sito web \u00e8 stato sviluppato da Bayer S.p.A. (qui di seguito denominata Bayer). Ci riserviamo il diritto di modificare [&hellip;]<\/p>\n","protected":false},"author":2,"featured_media":0,"parent":0,"menu_order":0,"comment_status":"closed","ping_status":"closed","template":"","meta":{"footnotes":""},"class_list":["post-836","page","type-page","status-publish","hentry"],"yoast_head":"<!-- This site is optimized with the Yoast SEO plugin v22.0 - https:\/\/yoast.com\/wordpress\/plugins\/seo\/ -->\n<title>Condizioni generali di utilizzo - Signor Datterino<\/title>\n<meta name=\"robots\" content=\"index, follow, max-snippet:-1, max-image-preview:large, max-video-preview:-1\" \/>\n<link rel=\"canonical\" href=\"https:\/\/signordatterino.it\/index.php\/condizioni-generali-di-utilizzo\/\" \/>\n<meta property=\"og:locale\" content=\"it_IT\" \/>\n<meta property=\"og:type\" content=\"article\" \/>\n<meta property=\"og:title\" content=\"Condizioni generali di utilizzo - Signor Datterino\" \/>\n<meta property=\"og:description\" content=\"[vc_row][vc_column][vc_column_text] Condizioni generali di utilizzo [\/vc_column_text][vc_column_text]L\u2019accesso al presente sito web ed il suo utilizzo sono soggetti alle seguenti condizioni. Vi preghiamo di non proseguire nella navigazione se non siete d\u2019accordo con le condizioni qui riportate. Questo sito web \u00e8 stato sviluppato da Bayer S.p.A. (qui di seguito denominata Bayer). Ci riserviamo il diritto di modificare [&hellip;]\" \/>\n<meta property=\"og:url\" content=\"https:\/\/signordatterino.it\/index.php\/condizioni-generali-di-utilizzo\/\" \/>\n<meta property=\"og:site_name\" content=\"Signor Datterino\" \/>\n<meta property=\"article:modified_time\" content=\"2022-06-21T10:18:11+00:00\" \/>\n<meta name=\"twitter:card\" content=\"summary_large_image\" \/>\n<meta name=\"twitter:label1\" content=\"Tempo di lettura stimato\" \/>\n\t<meta name=\"twitter:data1\" content=\"6 minuti\" \/>\n<script type=\"application\/ld+json\" class=\"yoast-schema-graph\">{\"@context\":\"https:\/\/schema.org\",\"@graph\":[{\"@type\":\"WebPage\",\"@id\":\"https:\/\/signordatterino.it\/index.php\/condizioni-generali-di-utilizzo\/\",\"url\":\"https:\/\/signordatterino.it\/index.php\/condizioni-generali-di-utilizzo\/\",\"name\":\"Condizioni generali di utilizzo - Signor Datterino\",\"isPartOf\":{\"@id\":\"https:\/\/signordatterino.it\/#website\"},\"datePublished\":\"2022-06-21T08:44:09+00:00\",\"dateModified\":\"2022-06-21T10:18:11+00:00\",\"breadcrumb\":{\"@id\":\"https:\/\/signordatterino.it\/index.php\/condizioni-generali-di-utilizzo\/#breadcrumb\"},\"inLanguage\":\"it-IT\",\"potentialAction\":[{\"@type\":\"ReadAction\",\"target\":[\"https:\/\/signordatterino.it\/index.php\/condizioni-generali-di-utilizzo\/\"]}]},{\"@type\":\"BreadcrumbList\",\"@id\":\"https:\/\/signordatterino.it\/index.php\/condizioni-generali-di-utilizzo\/#breadcrumb\",\"itemListElement\":[{\"@type\":\"ListItem\",\"position\":1,\"name\":\"Home\",\"item\":\"https:\/\/signordatterino.it\/\"},{\"@type\":\"ListItem\",\"position\":2,\"name\":\"Condizioni generali di utilizzo\"}]},{\"@type\":\"WebSite\",\"@id\":\"https:\/\/signordatterino.it\/#website\",\"url\":\"https:\/\/signordatterino.it\/\",\"name\":\"Signor Datterino\",\"description\":\"\",\"potentialAction\":[{\"@type\":\"SearchAction\",\"target\":{\"@type\":\"EntryPoint\",\"urlTemplate\":\"https:\/\/signordatterino.it\/?s={search_term_string}\"},\"query-input\":\"required name=search_term_string\"}],\"inLanguage\":\"it-IT\"}]}<\/script>\n<!-- \/ Yoast SEO plugin. -->","yoast_head_json":{"title":"Condizioni generali di utilizzo - Signor Datterino","robots":{"index":"index","follow":"follow","max-snippet":"max-snippet:-1","max-image-preview":"max-image-preview:large","max-video-preview":"max-video-preview:-1"},"canonical":"https:\/\/signordatterino.it\/index.php\/condizioni-generali-di-utilizzo\/","og_locale":"it_IT","og_type":"article","og_title":"Condizioni generali di utilizzo - Signor Datterino","og_description":"[vc_row][vc_column][vc_column_text] Condizioni generali di utilizzo [\/vc_column_text][vc_column_text]L\u2019accesso al presente sito web ed il suo utilizzo sono soggetti alle seguenti condizioni. Vi preghiamo di non proseguire nella navigazione se non siete d\u2019accordo con le condizioni qui riportate. Questo sito web \u00e8 stato sviluppato da Bayer S.p.A. (qui di seguito denominata Bayer). Ci riserviamo il diritto di modificare [&hellip;]","og_url":"https:\/\/signordatterino.it\/index.php\/condizioni-generali-di-utilizzo\/","og_site_name":"Signor Datterino","article_modified_time":"2022-06-21T10:18:11+00:00","twitter_card":"summary_large_image","twitter_misc":{"Tempo di lettura stimato":"6 minuti"},"schema":{"@context":"https:\/\/schema.org","@graph":[{"@type":"WebPage","@id":"https:\/\/signordatterino.it\/index.php\/condizioni-generali-di-utilizzo\/","url":"https:\/\/signordatterino.it\/index.php\/condizioni-generali-di-utilizzo\/","name":"Condizioni generali di utilizzo - Signor Datterino","isPartOf":{"@id":"https:\/\/signordatterino.it\/#website"},"datePublished":"2022-06-21T08:44:09+00:00","dateModified":"2022-06-21T10:18:11+00:00","breadcrumb":{"@id":"https:\/\/signordatterino.it\/index.php\/condizioni-generali-di-utilizzo\/#breadcrumb"},"inLanguage":"it-IT","potentialAction":[{"@type":"ReadAction","target":["https:\/\/signordatterino.it\/index.php\/condizioni-generali-di-utilizzo\/"]}]},{"@type":"BreadcrumbList","@id":"https:\/\/signordatterino.it\/index.php\/condizioni-generali-di-utilizzo\/#breadcrumb","itemListElement":[{"@type":"ListItem","position":1,"name":"Home","item":"https:\/\/signordatterino.it\/"},{"@type":"ListItem","position":2,"name":"Condizioni generali di utilizzo"}]},{"@type":"WebSite","@id":"https:\/\/signordatterino.it\/#website","url":"https:\/\/signordatterino.it\/","name":"Signor Datterino","description":"","potentialAction":[{"@type":"SearchAction","target":{"@type":"EntryPoint","urlTemplate":"https:\/\/signordatterino.it\/?s={search_term_string}"},"query-input":"required name=search_term_string"}],"inLanguage":"it-IT"}]}},"_links":{"self":[{"href":"https:\/\/signordatterino.it\/index.php\/wp-json\/wp\/v2\/pages\/836","targetHints":{"allow":["GET"]}}],"collection":[{"href":"https:\/\/signordatterino.it\/index.php\/wp-json\/wp\/v2\/pages"}],"about":[{"href":"https:\/\/signordatterino.it\/index.php\/wp-json\/wp\/v2\/types\/page"}],"author":[{"embeddable":true,"href":"https:\/\/signordatterino.it\/index.php\/wp-json\/wp\/v2\/users\/2"}],"replies":[{"embeddable":true,"href":"https:\/\/signordatterino.it\/index.php\/wp-json\/wp\/v2\/comments?post=836"}],"version-history":[{"count":5,"href":"https:\/\/signordatterino.it\/index.php\/wp-json\/wp\/v2\/pages\/836\/revisions"}],"predecessor-version":[{"id":870,"href":"https:\/\/signordatterino.it\/index.php\/wp-json\/wp\/v2\/pages\/836\/revisions\/870"}],"wp:attachment":[{"href":"https:\/\/signordatterino.it\/index.php\/wp-json\/wp\/v2\/media?parent=836"}],"curies":[{"name":"wp","href":"https:\/\/api.w.org\/{rel}","templated":true}]}}